{"id":2,"date":"2021-01-29T11:58:49","date_gmt":"2021-01-29T10:58:49","guid":{"rendered":"https:\/\/www.remakeshoes.com\/?page_id=2"},"modified":"2021-03-31T10:02:33","modified_gmt":"2021-03-31T08:02:33","slug":"pagina-di-esempio","status":"publish","type":"page","link":"https:\/\/www.remakeshoes.com\/it\/","title":{"rendered":"Home"},"content":{"rendered":"<p><!-- --><br \/>\n<iframe loading=\"lazy\" title=\"\" src=\"https:\/\/sketchfab.com\/models\/bf9cbdfe636841ce9b23ad70f1597c9c\/embed?autospin=0.2&amp;autostart=1&amp;preload=1&amp;ui_controls=0&amp;ui_infos=1&amp;ui_inspector=1&amp;ui_stop=1&amp;ui_watermark=1&amp;ui_watermark_link=1\" width=\"100%\" height=\"600\" frameborder=\"0\"><\/iframe><\/p>\n<p><button class=\"bg-none border-0 btn-info-project d-inline-flex\" data-src=\"#project-details\"><i class=\"fas fa-info-circle animate__animated animate__heartBeat animate__delay-3s animate__infinite\"><\/i><span class=\"text-uppercase small pl-1 ml-3 d-none d-md-inline\">Scopri il progetto<\/span><\/button><\/p>\n<div style=\"display: none;\" id=\"project-details\" class=\"w-75\">\n<div class=\"row m-0\">\n<div class=\"d-block col-12 col-sm-12 p-0\">\n            <img decoding=\"async\" src=\"\/wp-content\/uploads\/2021\/03\/project-image.jpg\" class=\"img-fluid\" \/>\n        <\/div>\n<div class=\"col-12 col-sm-12 col-md-12 col-lg-12 col-xl-6 offset-xl-3 py-4 px-5 details\">\n<h2 class=\"text-center text-uppercase mt-3\">RENEW YOUR IDEA OF MAKING SHOES<\/h2>\n<p class=\"text-justify\">&#8220;RENEW YOUR IDEA OF MAKING SHOES&#8221; \u00e8 un progetto creato dalla sinergia di tre aziende che hanno individuato opportunit\u00e0 e nuove risorse in ci\u00f2 che fino ad oggi veniva considerato nulla pi\u00f9 che un rifiuto.<br \/>L&#8217;agenda 2030 stilata dall&#8217;ONU fissa 17 obiettivi sullo sviluppo sostenibile mirato alle persone, al nostro pianeta e alla sua prosperit\u00e0, sottolineando al punto 12 l&#8217;importanza di garantire modelli di produzione che puntino a fare di pi\u00f9 e meglio con meno.<br \/>OLIANS 4 R.ECYCLE \u2013 ASOLTEX FOR SUSTAINABILITY &#8211; INDUSTRIA CHIMICA MEDITERRANEA dimostrano che oggi \u00e8 possibile poter realizzare una calzatura completamente da materia prima riciclata certificata, il tutto mantenendo design, confort e salvaguardando l&#8217;ambiente.<\/p>\n<\/p><\/div>\n<\/p><\/div>\n<\/div>\n<p><\/p>","protected":false},"excerpt":{"rendered":"<p>Scopri il progetto RENEW YOUR IDEA OF MAKING SHOES &#8220;RENEW YOUR IDEA OF MAKING SHOES&#8221; \u00e8 un progetto creato dalla sinergia di tre aziende che hanno individuato opportunit\u00e0 e nuove risorse in ci\u00f2 che fino ad oggi veniva considerato nulla pi\u00f9 che un rifiuto.L&#8217;agenda 2030 stilata dall&#8217;ONU fissa 17 obiettivi sullo sviluppo sostenibile mirato alle [&hellip;]<\/p>\n","protected":false},"author":1,"featured_media":0,"parent":0,"menu_order":0,"comment_status":"closed","ping_status":"open","template":"fullwidth.php","meta":{"footnotes":""},"class_list":["post-2","page","type-page","status-publish","hentry"],"_links":{"self":[{"href":"https:\/\/www.remakeshoes.com\/it\/wp-json\/wp\/v2\/pages\/2","targetHints":{"allow":["GET"]}}],"collection":[{"href":"https:\/\/www.remakeshoes.com\/it\/wp-json\/wp\/v2\/pages"}],"about":[{"href":"https:\/\/www.remakeshoes.com\/it\/wp-json\/wp\/v2\/types\/page"}],"author":[{"embeddable":true,"href":"https:\/\/www.remakeshoes.com\/it\/wp-json\/wp\/v2\/users\/1"}],"replies":[{"embeddable":true,"href":"https:\/\/www.remakeshoes.com\/it\/wp-json\/wp\/v2\/comments?post=2"}],"version-history":[{"count":74,"href":"https:\/\/www.remakeshoes.com\/it\/wp-json\/wp\/v2\/pages\/2\/revisions"}],"predecessor-version":[{"id":205,"href":"https:\/\/www.remakeshoes.com\/it\/wp-json\/wp\/v2\/pages\/2\/revisions\/205"}],"wp:attachment":[{"href":"https:\/\/www.remakeshoes.com\/it\/wp-json\/wp\/v2\/media?parent=2"}],"curies":[{"name":"wp","href":"https:\/\/api.w.org\/{rel}","templated":true}]}}